{"id":7288,"date":"2023-12-15T07:28:49","date_gmt":"2023-12-15T12:28:49","guid":{"rendered":"https:\/\/brikaequipment.ca\/politique-de-confidentialite\/"},"modified":"2025-09-17T16:51:15","modified_gmt":"2025-09-17T20:51:15","slug":"privacy-policy","status":"publish","type":"page","link":"https:\/\/brikaequipment.ca\/en\/privacy-policy\/","title":{"rendered":"Privacy Policy"},"content":{"rendered":"\t\t<div data-elementor-type=\"wp-page\" data-elementor-id=\"7288\" class=\"elementor elementor-7288 elementor-7280\" data-elementor-post-type=\"page\">\n\t\t\t\t<div class=\"elementor-element elementor-element-a40fa83 e-flex e-con-boxed e-con e-parent\" data-id=\"a40fa83\" data-element_type=\"container\" data-settings=\"{&quot;background_background&quot;:&quot;classic&quot;}\">\n\t\t\t\t\t<div class=\"e-con-inner\">\n\t\t<div class=\"elementor-element elementor-element-4e21527 e-con-full animated-slow e-flex e-con e-child\" data-id=\"4e21527\" data-element_type=\"container\" data-settings=\"{&quot;animation&quot;:&quot;none&quot;}\">\n\t\t\t\t<div class=\"elementor-element elementor-element-547db77 elementor-widget elementor-widget-heading\" data-id=\"547db77\" data-element_type=\"widget\" data-widget_type=\"heading.default\">\n\t\t\t\t<div class=\"elementor-widget-container\">\n\t\t\t\t\t<h2 class=\"elementor-heading-title elementor-size-default\">Privacy Policy<\/h2>\t\t\t\t<\/div>\n\t\t\t\t<\/div>\n\t\t\t\t<div class=\"elementor-element elementor-element-8d12fd2 elementor-widget__width-initial myheader elementor-widget elementor-widget-heading\" data-id=\"8d12fd2\" data-element_type=\"widget\" data-widget_type=\"heading.default\">\n\t\t\t\t<div class=\"elementor-widget-container\">\n\t\t\t\t\t<h2 class=\"elementor-heading-title elementor-size-default\">Need help or information? <a>Contact us now!<\/a><\/h2>\t\t\t\t<\/div>\n\t\t\t\t<\/div>\n\t\t\t\t<\/div>\n\t\t\t\t\t<\/div>\n\t\t\t\t<\/div>\n\t\t<div class=\"elementor-element elementor-element-fb9b0b6 e-flex e-con-boxed e-con e-parent\" data-id=\"fb9b0b6\" data-element_type=\"container\" data-settings=\"{&quot;background_background&quot;:&quot;classic&quot;}\">\n\t\t\t\t\t<div class=\"e-con-inner\">\n\t\t<div class=\"elementor-element elementor-element-6d5d8a9 e-flex e-con-boxed e-con e-child\" data-id=\"6d5d8a9\" data-element_type=\"container\">\n\t\t\t\t\t<div class=\"e-con-inner\">\n\t\t\t\t<div class=\"elementor-element elementor-element-cedeb94 elementor-widget elementor-widget-heading\" data-id=\"cedeb94\" data-element_type=\"widget\" data-widget_type=\"heading.default\">\n\t\t\t\t<div class=\"elementor-widget-container\">\n\t\t\t\t\t<h2 class=\"elementor-heading-title elementor-size-default\">Privacy Policy<\/h2>\t\t\t\t<\/div>\n\t\t\t\t<\/div>\n\t\t\t\t\t<\/div>\n\t\t\t\t<\/div>\n\t\t\t\t<div class=\"elementor-element elementor-element-36b71fe links-policy elementor-widget elementor-widget-text-editor\" data-id=\"36b71fe\" data-element_type=\"widget\" id=\"links-policy\" data-widget_type=\"text-editor.default\">\n\t\t\t\t<div class=\"elementor-widget-container\">\n\t\t\t\t\t\t\t\t\t<p class=\"p1\">The purpose of this privacy policy is to inform users of our brikaequipment.ca site about the personal information we collect and how we use it.<\/p><p class=\"p1\">Brika complies strictly with Quebec&#8217;s Bill 25 regarding the protection of personal information. This privacy policy also details our commitment and the measures we take to ensure the security of your personal information.<\/p><p class=\"p1\">1. Types of personal data collected<\/p><p class=\"p1\">2. Use of personal information collected<\/p><p class=\"p1\">3. Data security protocols<\/p><p class=\"p1\">4. Your rights<\/p><h5 class=\"p1\">\u00a0<\/h5><h5 class=\"p1\"><b>Types of personal data collected<\/b><\/h5><h6 class=\"p1\"><b>Data collected automatically<\/b><\/h6><p class=\"p1\">When you visit distex.ca, we automatically collect information about your device and your interaction with our site via the Google Analytics tool.<\/p><p class=\"p1\">This includes the following data:<\/p><ul><li class=\"p1\">IP address<\/li><li class=\"p1\">Location<\/li><li class=\"p1\">Hardware and software details<\/li><li class=\"p1\">Content that the user views on our site<\/li><li class=\"p1\">Links a user clicks on when going to the site<\/li><\/ul><h5 class=\"p1\"><b>Personal data collected not automatically<\/b><\/h5><p class=\"p1\">Your personal data is collected via:<\/p><ul><li class=\"p1\">Contact form<\/li><\/ul><p class=\"p1\">This includes the following data:<\/p><ul><li class=\"p1\">\u00a0First name<\/li><li class=\"p1\">\u00a0Last name<\/li><li class=\"p1\">\u00a0Email address<\/li><li class=\"p1\">\u00a0Phone number<\/li><li class=\"p1\">\u00a0Your region<\/li><\/ul><h5 class=\"p1\"><b>Use of personal information collected<\/b><\/h5><p class=\"p1\">Please note that we only collect data that helps us to achieve the purpose stated in this privacy policy. We will not collect additional data without informing you in advance.<\/p><p class=\"p1\">We use this data to:<\/p><ul><li class=\"p1\">\u00a0Send promotional offers and targeted communications via our newsletter.<\/li><li class=\"p1\">\u00a0Carry out statistical analyses to improve the site<\/li><li class=\"p1\">\u00a0As part of a data security protocol<\/li><\/ul><h5 class=\"p1\"><b>Security measures<\/b><\/h5><p class=\"p1\">Your data is stored in a secure and controlled environment. We use SSL protocols and robust security measures with double authentication to prevent unauthorized access.<\/p><p class=\"p1\">We will not sell or share your data with third parties except as required by law or in the event of legal proceedings.<\/p><p class=\"p1\">We may disclose to any member of our organization such user data as they reasonably require to carry out the purposes set out in this policy.<\/p><h5 class=\"p1\"><b>Duration of use of personal data<\/b><\/h5><p class=\"p1\">We store personal data for a period of 5 years. We will ensure that users are notified if their data is stored for longer than this period.<\/p><h5 class=\"p1\"><b>In the event of data leakage<\/b><\/h5><p class=\"p1\">In the event of a leak of your personal data, we undertake to keep you and the Commission d&#8217;Acc\u00e8s \u00e0 l&#8217;Information du Qu\u00e9bec informed.<\/p><h5 class=\"p1\">\u00a0<\/h5><h5 class=\"p1\"><b>Your rights<\/b><\/h5><h6 class=\"p1\"><b>Users&#8217; rights<\/b><\/h6><p class=\"p1\">If you are a Quebec resident, in accordance with Bill 25, you have specific rights concerning your personal data:<\/p><ul><li class=\"p1\">\u00a0Right to be informed<\/li><li class=\"p1\">\u00a0Right of access<\/li><li class=\"p1\">\u00a0Right to rectification<\/li><li class=\"p1\">\u00a0Right to data portability<\/li><\/ul><p>\u00a0<\/p><p class=\"p1\">You have the right to object to the use of your data and to withdraw it.<\/p><p class=\"p1\">To exercise these rights, please contact our data protection officer<\/p><p>Adress: <a href=\"https:\/\/maps.app.goo.gl\/BWYAhJhYhzRJXpp88\"><span class=\"elementor-icon-list-text\">21225 Daoust, Sainte-Anne-de-Bellevue, QC, CANADA, H9X 0A3<\/span><\/a><\/p><p>Email: <a href=\"mailto:info@brikaequipment.ca\">info@brikaequipment.ca<\/a><\/p><p>T\u00e9l\u00e9phone: <a href=\"tel:514-382-3620\">514-382-3620<\/a> #104<\/p><p>Website: <a href=\"https:\/\/brikaequipment.ca\/\">brikaequipment.ca<\/a><\/p><h5 class=\"p1\">\u00a0<\/h5><h5 class=\"p1\"><b>Right of access and rectification<\/b><\/h5><p class=\"p1\">You may consult, modify or delete your data. To do so, please use the same contact details mentioned above.<\/p><h5 class=\"p1\"><b>Consent and Withdrawal<\/b><\/h5><p class=\"p1\">You can visit our site without revealing your identity. However, some features require the collection of personal data. You can always choose not to provide this information.<\/p><p class=\"p1\"><span style=\"color: inherit;font-family: inherit;font-size: 1.25rem\">\u00a0<\/span><\/p><p class=\"p1\"><span style=\"color: inherit;font-family: inherit;font-size: 1.25rem\"><b>Minors<\/b><\/span><\/p><p class=\"p1\">Bill 25 specifies that persons under the age of 14 are considered minors for the purposes of data collection. Their personal information may not be collected from them without the consent of the holder of parental authority or guardian, except where such collection is clearly for the benefit of the minor.<\/p><h5 class=\"p1\">\u00a0<\/h5><h5 class=\"p1\"><b>External links<\/b><\/h5><p class=\"p1\">Our site may contain links to other websites. We are not responsible for their privacy practices.<\/p><h5 class=\"p1\">\u00a0<\/h5><h5 class=\"p1\"><b>Contact<\/b><\/h5><p class=\"p1\">Our privacy policy was updated on 13\/10\/2023<\/p><p class=\"p1\">If you have any questions about this privacy policy, you can contact us at <a href=\"mailto:info@brikaequipment.ca\">info@brikaequipment.ca<\/a>.<\/p><p class=\"p1\">By using our <a href=\"https:\/\/brikaequipment.ca\/\">brikaequipment.ca<\/a> site, you agree to the terms of this privacy policy.<\/p>\t\t\t\t\t\t\t\t<\/div>\n\t\t\t\t<\/div>\n\t\t\t\t\t<\/div>\n\t\t\t\t<\/div>\n\t\t\t\t<\/div>\n\t\t","protected":false},"excerpt":{"rendered":"<p>Privacy Policy Need help or information? Contact us now! Privacy Policy The purpose of this privacy policy is to inform users of our brikaequipment.ca site about the personal information we collect and how we use it. Brika complies strictly with Quebec&#8217;s Bill 25 regarding the protection of personal information. This privacy policy also details our [&hellip;]<\/p>\n","protected":false},"author":4,"featured_media":7286,"parent":0,"menu_order":0,"comment_status":"closed","ping_status":"closed","template":"elementor_header_footer","meta":{"_acf_changed":false,"footnotes":""},"class_list":["post-7288","page","type-page","status-publish","has-post-thumbnail","hentry"],"acf":[],"yoast_head":"<!-- This site is optimized with the Yoast SEO plugin v25.9 - https:\/\/yoast.com\/wordpress\/plugins\/seo\/ -->\n<title>Privacy Policy | Restaurant Equipment | Brika | Toronto &amp; BC<\/title>\n<meta name=\"description\" content=\"Discover the Brika restaurant equipment Privacy Policy, assuring you that your information is handled with utmost care and confidentiality.\" \/>\n<meta name=\"robots\" content=\"index, follow, max-snippet:-1, max-image-preview:large, max-video-preview:-1\" \/>\n<link rel=\"canonical\" href=\"https:\/\/brikaequipment.ca\/politique-de-confidentialite\/\" \/>\n<meta property=\"og:locale\" content=\"en_US\" \/>\n<meta property=\"og:type\" content=\"article\" \/>\n<meta property=\"og:title\" content=\"Privacy Policy | Restaurant Equipment | Brika | Toronto &amp; BC\" \/>\n<meta property=\"og:description\" content=\"Discover the Brika restaurant equipment Privacy Policy, assuring you that your information is handled with utmost care and confidentiality.\" \/>\n<meta property=\"og:url\" content=\"https:\/\/brikaequipment.ca\/politique-de-confidentialite\/\" \/>\n<meta property=\"og:site_name\" content=\"Brika\" \/>\n<meta property=\"article:publisher\" content=\"https:\/\/www.facebook.com\/brikaequipment\" \/>\n<meta property=\"article:modified_time\" content=\"2025-09-17T20:51:15+00:00\" \/>\n<meta property=\"og:image\" content=\"https:\/\/brikaequipment.ca\/wp-content\/uploads\/2023\/12\/Brika-featured-image-privacy-policy.png\" \/>\n\t<meta property=\"og:image:width\" content=\"1200\" \/>\n\t<meta property=\"og:image:height\" content=\"628\" \/>\n\t<meta property=\"og:image:type\" content=\"image\/png\" \/>\n<meta name=\"twitter:card\" content=\"summary_large_image\" \/>\n<meta name=\"twitter:label1\" content=\"Est. reading time\" \/>\n\t<meta name=\"twitter:data1\" content=\"3 minutes\" \/>\n<script type=\"application\/ld+json\" class=\"yoast-schema-graph\">{\"@context\":\"https:\/\/schema.org\",\"@graph\":[{\"@type\":\"WebPage\",\"@id\":\"https:\/\/brikaequipment.ca\/politique-de-confidentialite\/\",\"url\":\"https:\/\/brikaequipment.ca\/politique-de-confidentialite\/\",\"name\":\"Privacy Policy | Restaurant Equipment | Brika | Toronto & BC\",\"isPartOf\":{\"@id\":\"https:\/\/brikaequipment.ca\/#website\"},\"primaryImageOfPage\":{\"@id\":\"https:\/\/brikaequipment.ca\/politique-de-confidentialite\/#primaryimage\"},\"image\":{\"@id\":\"https:\/\/brikaequipment.ca\/politique-de-confidentialite\/#primaryimage\"},\"thumbnailUrl\":\"https:\/\/brikaequipment.ca\/wp-content\/uploads\/2023\/12\/Brika-featured-image-privacy-policy.png\",\"datePublished\":\"2023-12-15T12:28:49+00:00\",\"dateModified\":\"2025-09-17T20:51:15+00:00\",\"description\":\"Discover the Brika restaurant equipment Privacy Policy, assuring you that your information is handled with utmost care and confidentiality.\",\"inLanguage\":\"en-US\",\"potentialAction\":[{\"@type\":\"ReadAction\",\"target\":[\"https:\/\/brikaequipment.ca\/politique-de-confidentialite\/\"]}]},{\"@type\":\"ImageObject\",\"inLanguage\":\"en-US\",\"@id\":\"https:\/\/brikaequipment.ca\/politique-de-confidentialite\/#primaryimage\",\"url\":\"https:\/\/brikaequipment.ca\/wp-content\/uploads\/2023\/12\/Brika-featured-image-privacy-policy.png\",\"contentUrl\":\"https:\/\/brikaequipment.ca\/wp-content\/uploads\/2023\/12\/Brika-featured-image-privacy-policy.png\",\"width\":1200,\"height\":628},{\"@type\":\"WebSite\",\"@id\":\"https:\/\/brikaequipment.ca\/#website\",\"url\":\"https:\/\/brikaequipment.ca\/\",\"name\":\"Brika\",\"description\":\"Commercial Kitchen Equipment\",\"publisher\":{\"@id\":\"https:\/\/brikaequipment.ca\/#organization\"},\"potentialAction\":[{\"@type\":\"SearchAction\",\"target\":{\"@type\":\"EntryPoint\",\"urlTemplate\":\"https:\/\/brikaequipment.ca\/?s={search_term_string}\"},\"query-input\":{\"@type\":\"PropertyValueSpecification\",\"valueRequired\":true,\"valueName\":\"search_term_string\"}}],\"inLanguage\":\"en-US\"},{\"@type\":\"Organization\",\"@id\":\"https:\/\/brikaequipment.ca\/#organization\",\"name\":\"Brika\",\"url\":\"https:\/\/brikaequipment.ca\/\",\"logo\":{\"@type\":\"ImageObject\",\"inLanguage\":\"en-US\",\"@id\":\"https:\/\/brikaequipment.ca\/#\/schema\/logo\/image\/\",\"url\":\"https:\/\/brikaequipment.ca\/wp-content\/uploads\/2021\/11\/brika-commercial-cooking-equipment-for-restaurants-cafes-cafeterias-bakeries-grocery-stores-breweries-kitchen-educational-programs.png\",\"contentUrl\":\"https:\/\/brikaequipment.ca\/wp-content\/uploads\/2021\/11\/brika-commercial-cooking-equipment-for-restaurants-cafes-cafeterias-bakeries-grocery-stores-breweries-kitchen-educational-programs.png\",\"width\":500,\"height\":80,\"caption\":\"Brika\"},\"image\":{\"@id\":\"https:\/\/brikaequipment.ca\/#\/schema\/logo\/image\/\"},\"sameAs\":[\"https:\/\/www.facebook.com\/brikaequipment\",\"https:\/\/www.instagram.com\/brikaequipement\/\"]}]}<\/script>\n<!-- \/ Yoast SEO plugin. -->","yoast_head_json":{"title":"Privacy Policy | Restaurant Equipment | Brika | Toronto & BC","description":"Discover the Brika restaurant equipment Privacy Policy, assuring you that your information is handled with utmost care and confidentiality.","robots":{"index":"index","follow":"follow","max-snippet":"max-snippet:-1","max-image-preview":"max-image-preview:large","max-video-preview":"max-video-preview:-1"},"canonical":"https:\/\/brikaequipment.ca\/politique-de-confidentialite\/","og_locale":"en_US","og_type":"article","og_title":"Privacy Policy | Restaurant Equipment | Brika | Toronto & BC","og_description":"Discover the Brika restaurant equipment Privacy Policy, assuring you that your information is handled with utmost care and confidentiality.","og_url":"https:\/\/brikaequipment.ca\/politique-de-confidentialite\/","og_site_name":"Brika","article_publisher":"https:\/\/www.facebook.com\/brikaequipment","article_modified_time":"2025-09-17T20:51:15+00:00","og_image":[{"width":1200,"height":628,"url":"https:\/\/brikaequipment.ca\/wp-content\/uploads\/2023\/12\/Brika-featured-image-privacy-policy.png","type":"image\/png"}],"twitter_card":"summary_large_image","twitter_misc":{"Est. reading time":"3 minutes"},"schema":{"@context":"https:\/\/schema.org","@graph":[{"@type":"WebPage","@id":"https:\/\/brikaequipment.ca\/politique-de-confidentialite\/","url":"https:\/\/brikaequipment.ca\/politique-de-confidentialite\/","name":"Privacy Policy | Restaurant Equipment | Brika | Toronto & BC","isPartOf":{"@id":"https:\/\/brikaequipment.ca\/#website"},"primaryImageOfPage":{"@id":"https:\/\/brikaequipment.ca\/politique-de-confidentialite\/#primaryimage"},"image":{"@id":"https:\/\/brikaequipment.ca\/politique-de-confidentialite\/#primaryimage"},"thumbnailUrl":"https:\/\/brikaequipment.ca\/wp-content\/uploads\/2023\/12\/Brika-featured-image-privacy-policy.png","datePublished":"2023-12-15T12:28:49+00:00","dateModified":"2025-09-17T20:51:15+00:00","description":"Discover the Brika restaurant equipment Privacy Policy, assuring you that your information is handled with utmost care and confidentiality.","inLanguage":"en-US","potentialAction":[{"@type":"ReadAction","target":["https:\/\/brikaequipment.ca\/politique-de-confidentialite\/"]}]},{"@type":"ImageObject","inLanguage":"en-US","@id":"https:\/\/brikaequipment.ca\/politique-de-confidentialite\/#primaryimage","url":"https:\/\/brikaequipment.ca\/wp-content\/uploads\/2023\/12\/Brika-featured-image-privacy-policy.png","contentUrl":"https:\/\/brikaequipment.ca\/wp-content\/uploads\/2023\/12\/Brika-featured-image-privacy-policy.png","width":1200,"height":628},{"@type":"WebSite","@id":"https:\/\/brikaequipment.ca\/#website","url":"https:\/\/brikaequipment.ca\/","name":"Brika","description":"Commercial Kitchen Equipment","publisher":{"@id":"https:\/\/brikaequipment.ca\/#organization"},"potentialAction":[{"@type":"SearchAction","target":{"@type":"EntryPoint","urlTemplate":"https:\/\/brikaequipment.ca\/?s={search_term_string}"},"query-input":{"@type":"PropertyValueSpecification","valueRequired":true,"valueName":"search_term_string"}}],"inLanguage":"en-US"},{"@type":"Organization","@id":"https:\/\/brikaequipment.ca\/#organization","name":"Brika","url":"https:\/\/brikaequipment.ca\/","logo":{"@type":"ImageObject","inLanguage":"en-US","@id":"https:\/\/brikaequipment.ca\/#\/schema\/logo\/image\/","url":"https:\/\/brikaequipment.ca\/wp-content\/uploads\/2021\/11\/brika-commercial-cooking-equipment-for-restaurants-cafes-cafeterias-bakeries-grocery-stores-breweries-kitchen-educational-programs.png","contentUrl":"https:\/\/brikaequipment.ca\/wp-content\/uploads\/2021\/11\/brika-commercial-cooking-equipment-for-restaurants-cafes-cafeterias-bakeries-grocery-stores-breweries-kitchen-educational-programs.png","width":500,"height":80,"caption":"Brika"},"image":{"@id":"https:\/\/brikaequipment.ca\/#\/schema\/logo\/image\/"},"sameAs":["https:\/\/www.facebook.com\/brikaequipment","https:\/\/www.instagram.com\/brikaequipement\/"]}]}},"_links":{"self":[{"href":"https:\/\/brikaequipment.ca\/en\/wp-json\/wp\/v2\/pages\/7288","targetHints":{"allow":["GET"]}}],"collection":[{"href":"https:\/\/brikaequipment.ca\/en\/wp-json\/wp\/v2\/pages"}],"about":[{"href":"https:\/\/brikaequipment.ca\/en\/wp-json\/wp\/v2\/types\/page"}],"author":[{"embeddable":true,"href":"https:\/\/brikaequipment.ca\/en\/wp-json\/wp\/v2\/users\/4"}],"replies":[{"embeddable":true,"href":"https:\/\/brikaequipment.ca\/en\/wp-json\/wp\/v2\/comments?post=7288"}],"version-history":[{"count":25,"href":"https:\/\/brikaequipment.ca\/en\/wp-json\/wp\/v2\/pages\/7288\/revisions"}],"predecessor-version":[{"id":10588,"href":"https:\/\/brikaequipment.ca\/en\/wp-json\/wp\/v2\/pages\/7288\/revisions\/10588"}],"wp:featuredmedia":[{"embeddable":true,"href":"https:\/\/brikaequipment.ca\/en\/wp-json\/wp\/v2\/media\/7286"}],"wp:attachment":[{"href":"https:\/\/brikaequipment.ca\/en\/wp-json\/wp\/v2\/media?parent=7288"}],"curies":[{"name":"wp","href":"https:\/\/api.w.org\/{rel}","templated":true}]}}